{"id":26,"date":"2019-02-08T19:00:59","date_gmt":"2019-02-08T16:00:59","guid":{"rendered":"https:\/\/www.bordomuzik.com\/?page_id=26"},"modified":"2019-02-08T19:00:59","modified_gmt":"2019-02-08T16:00:59","slug":"iletisim","status":"publish","type":"page","link":"https:\/\/bordomuzik.com\/?page_id=26","title":{"rendered":"\u0130leti\u015fim"},"content":{"rendered":"<p style=\"font-weight: 400;\"><img decoding=\"async\" loading=\"lazy\" class=\"size-medium wp-image-216 aligncenter\" src=\"https:\/\/bordomuzik.com\/wp-content\/uploads\/2019\/04\/BORDO-MUSIC-3-100x90.png\" alt=\"\" width=\"300\" height=\"90\" \/><\/p>\n<h1 style=\"font-weight: 400; text-align: center;\">BORDO M\u00dcZ\u0130K F\u0130LM YAPIM H\u0130Z.LTD.\u015eT\u0130.<\/h1>\n<h2 style=\"text-align: center;\">Mail: info@bordomuzik.com<\/h2>\n<h2 style=\"text-align: center;\">Tel: +90 212 269 88 35<\/h2>\n<h3 style=\"text-align: center;\">Adres : Ortabay\u0131r Mahallesi Harman Sokak No:8\/1-B G\u00dcLTEPE\/\u0130STANBUL<\/h3>\n","protected":false},"excerpt":{"rendered":"<p>BORDO M\u00dcZ\u0130K F\u0130LM YAPIM H\u0130Z.LTD.\u015eT\u0130. Mail: info@bordomuzik.com Tel: +90 212 269 88 35 Adres : Ortabay\u0131r Mahallesi Harman Sokak No:8\/1-B G\u00dcLTEPE\/\u0130STANBUL<\/p>\n","protected":false},"author":3,"featured_media":0,"parent":0,"menu_order":1,"comment_status":"closed","ping_status":"closed","template":"","meta":[],"aioseo_notices":[],"jetpack_sharing_enabled":true,"_links":{"self":[{"href":"https:\/\/bordomuzik.com\/index.php?rest_route=\/wp\/v2\/pages\/26"}],"collection":[{"href":"https:\/\/bordomuzik.com\/index.php?rest_route=\/wp\/v2\/pages"}],"about":[{"href":"https:\/\/bordomuzik.com\/index.php?rest_route=\/wp\/v2\/types\/page"}],"author":[{"embeddable":true,"href":"https:\/\/bordomuzik.com\/index.php?rest_route=\/wp\/v2\/users\/3"}],"replies":[{"embeddable":true,"href":"https:\/\/bordomuzik.com\/index.php?rest_route=%2Fwp%2Fv2%2Fcomments&post=26"}],"version-history":[{"count":0,"href":"https:\/\/bordomuzik.com\/index.php?rest_route=\/wp\/v2\/pages\/26\/revisions"}],"wp:attachment":[{"href":"https:\/\/bordomuzik.com\/index.php?rest_route=%2Fwp%2Fv2%2Fmedia&parent=26"}],"curies":[{"name":"wp","href":"https:\/\/api.w.org\/{rel}","templated":true}]}}